




{"id":37,"date":"2025-02-07T01:55:43","date_gmt":"2025-02-07T01:55:43","guid":{"rendered":"https:\/\/www.tlheatpress.com:8182\/?page_id=37"},"modified":"2025-12-27T03:04:51","modified_gmt":"2025-12-27T03:04:51","slug":"contact-us","status":"publish","type":"page","link":"https:\/\/www.bohaivalve.com\/es\/contact-us\/","title":{"rendered":"P\u00f3ngase en contacto con nosotros"},"content":{"rendered":"<!--\u9875\u9762banner-->\n<div class=\"container2\">\n        <!-- \u56fe\u7247\u5c42 - \u5728\u5e95\u5c42 -->\n        <div class=\"image-layer\">\n            <img decoding=\"async\" src=\"\/wp-content\/uploads\/2025\/12\/contact.webp\" alt=\"Apex Fire Tech Co.,Ltd.\">\n        <\/div>\n        \n        <!-- \u5185\u5bb9\u5c42 - \u5728\u4e0a\u5c42 -->\n        <div class=\"content-layer\">\n            \n            \n            <h1 class=\"page_title category\" style=\"color:#fff!important\">P\u00f3ngase en contacto con nosotros<\/h1>\n      \n            <p class=\"description\">As\u00f3ciese con FLUID TECH para convertirse en aliados estrat\u00e9gicos: exploren juntos el mercado, crezcan juntos y cosechen juntos el \u00e9xito.<\/p>\n         \n        <\/div>\n    <\/div>\n\n\n\n<div class=\"path_bar\">\n        <div class=\"layout\">\n            <ul>\n                <li><a href=\"\/\">Inicio<\/a><\/li>\n                <!--\u9762\u5305\u5c51-->\n               <li><a href=\"\">P\u00f3ngase en contacto con nosotros<\/a><\/li>\n            <\/ul>\n        <\/div>\n    <\/div>\n\n\n\n<div class=\"wp-block-columns are-vertically-aligned-top layout m3 is-layout-flex wp-container-core-columns-is-layout-9d6595d7 wp-block-columns-is-layout-flex\">\n<div class=\"wp-block-column is-vertically-aligned-top rl is-layout-flow wp-block-column-is-layout-flow\">\n<ul class=\"ic-list\">\n    <li style=\"\">\n       <img decoding=\"async\" src=\"\/wp-content\/uploads\/2025\/02\/email-fill-2.png\" class=\"social-icon\" alt=\"Logotipo del correo electr\u00f3nico APEX\">\n <a href=\"mailto:Valves@fluidtechpiping.com\">       \n <h2>Correo electr\u00f3nico<\/h2>\n       <p>Valves@fluidtechpiping.com<\/p><\/a>\n\n               <\/li>\n <li style=\"\">\n            <img decoding=\"async\" src=\"\/wp-content\/uploads\/2025\/02\/whatsapp-7.png\" class=\"social-icon\" alt=\"Logotipo de whatsapp de APEX\">\n        \n<a href=\"https:\/\/wa.me\/8613012223295\" target=\"_blank\" rel=\"noopener\">\n<h2>WhatsApp<\/h2>\n        <p>+86 13012223295<\/p><\/a>\n\n               <\/li>\n <li style=\"\">\n           <img decoding=\"async\" src=\"\/wp-content\/uploads\/2025\/02\/phone-fill.png\" class=\"social-icon\" alt=\"Logotipo del tel\u00e9fono APEX\">\n<a href=\"tel:8613012223295\" target=\"_blank\" rel=\"noopener\">             \n <h2>Tel\u00e9fono<\/h2>\n <p>+86 13012223295<\/p><\/a>\n               <\/li>\n <li style=\"\">\n          <img decoding=\"async\" src=\"\/wp-content\/uploads\/2025\/02\/address-b.png\" class=\"social-icon\" alt=\"Logotipo de la direcci\u00f3n APEX\">\n<div class=\"gb\">\n              <h2>Direcci\u00f3n<\/h2>\n              <p>Parque Industrial de V\u00e1lvulas, Ciudad de Beizhakou, Distrito de Jinnan, Tianjin, China<\/p><\/div>\n               <\/li>\n\n            <\/ul>\n<\/div>\n\n\n\n<div class=\"wp-block-column is-vertically-aligned-top lf is-layout-flow wp-block-column-is-layout-flow\">\n\n<div class=\"wpcf7 no-js\" id=\"wpcf7-f5844-o1\" lang=\"en-US\" dir=\"ltr\" data-wpcf7-id=\"5844\">\n<div class=\"screen-reader-response\"><p role=\"status\" aria-live=\"polite\" aria-atomic=\"true\"><\/p> <ul><\/ul><\/div>\n<form action=\"\/es\/wp-json\/wp\/v2\/pages\/37#wpcf7-f5844-o1\" method=\"post\" class=\"wpcf7-form init\" aria-label=\"Contact form\" novalidate=\"novalidate\" data-status=\"init\" data-trp-original-action=\"\/es\/wp-json\/wp\/v2\/pages\/37#wpcf7-f5844-o1\">\n<fieldset class=\"hidden-fields-container\"><input type=\"hidden\" name=\"_wpcf7\" value=\"5844\" \/><input type=\"hidden\" name=\"_wpcf7_version\" value=\"6.1.3\" \/><input type=\"hidden\" name=\"_wpcf7_locale\" value=\"en_US\" \/><input type=\"hidden\" name=\"_wpcf7_unit_tag\" value=\"wpcf7-f5844-o1\" \/><input type=\"hidden\" name=\"_wpcf7_container_post\" value=\"0\" \/><input type=\"hidden\" name=\"_wpcf7_posted_data_hash\" value=\"\" \/><input type=\"hidden\" name=\"_wpcf7_recaptcha_response\" value=\"\" \/>\n<\/fieldset>\n<div id=\"contactForm\">\n\t<div class=\"form2\" style=\"margin-bottom: 20px;\">\n\t\t<h2>Deje su mensaje\n\t\t<\/h2>\n\t<\/div>\n\t<p><span class=\"wpcf7-form-control-wrap\" data-name=\"your-name\"><input size=\"40\" maxlength=\"400\" class=\"wpcf7-form-control wpcf7-text wpcf7-validates-as-required\" aria-required=\"true\" aria-invalid=\"false\" placeholder=\"Nombre\" value=\"\" type=\"text\" name=\"your-name\" \/><\/span><br \/>\n<span class=\"wpcf7-form-control-wrap\" data-name=\"your-email\"><input size=\"40\" maxlength=\"400\" class=\"wpcf7-form-control wpcf7-email wpcf7-validates-as-required wpcf7-text wpcf7-validates-as-email\" aria-required=\"true\" aria-invalid=\"false\" placeholder=\"Correo electr\u00f3nico\" value=\"\" type=\"email\" name=\"your-email\" \/><\/span><br \/>\n<span class=\"wpcf7-form-control-wrap\" data-name=\"your-phone\"><input size=\"40\" maxlength=\"400\" class=\"wpcf7-form-control wpcf7-tel wpcf7-validates-as-required wpcf7-text wpcf7-validates-as-tel\" aria-required=\"true\" aria-invalid=\"false\" placeholder=\"Tel\u00e9fono\" value=\"\" type=\"tel\" name=\"your-phone\" \/><\/span><br \/>\n<span class=\"wpcf7-form-control-wrap\" data-name=\"your-message\"><textarea cols=\"40\" rows=\"10\" maxlength=\"2000\" class=\"wpcf7-form-control wpcf7-textarea\" aria-invalid=\"false\" placeholder=\"Mensaje\" name=\"your-message\"><\/textarea><\/span>\n\t<\/p>\n\t<p><input class=\"wpcf7-form-control wpcf7-submit has-spinner\" type=\"submit\" value=\"Enviar\" \/>\n\t<\/p>\n<\/div><div class=\"wpcf7-response-output\" aria-hidden=\"true\"><\/div>\n<input type=\"hidden\" name=\"trp-form-language\" value=\"es\"\/><\/form>\n<\/div>\n\n<\/div>\n<\/div>\n\n\n\n<style>\n.sh{\nmargin-top:30px\n\n}\n.m3{\npadding:3% 0\n}\n.bt{\npadding-bottom:50px\n\n}\n\n.rl{\n\n    background: #f0f8ff;\n    padding: 3.5%;\n\n}\n.fimg img{\n   width:100%\n}\n\n.ic-list li{\ntext-align: center;\n    display: flex;\n    align-items: center;\n    margin-bottom: 7%;\n}\n\n.ic-list li img{\nwidth:50px;\nmargin-right:3%\n}\n\n.ic-list li h2{\ntext-align:left\n\n}\n\n.ic-list li p{\ntext-align:left\n\n}\n\n.wpcf7-submit{\nborder:1px solid #ffffff!important\n}\n\narticle{\nbackground:#fbfbfb\n\n}\n@media screen and (min-width:768px){\n.lf{\n\n  min-height:570px;\n background: #fff;\n}\n.rl{\nheight:570px!important;\n\n\n}\n       \n}\n\n\n<\/style>\n\n\n\n<style>\n@media screen and (max-width:981px){\n#icon-contact .ic-list li {\n   \n    width: 50%;\n    float: left;\n}\n\n.bt{\n\npadding-bottom:0!important\n}\n\n}\n<\/style>","protected":false},"excerpt":{"rendered":"<p>Contact Us Partner with FLUID TECH to become strategic allies\u2014explore the market together, grow together, and reap success together. Home Contact Us Email Valves@fluidtechpiping.com WhatsApp +86 13012223295 Phone +86 13012223295 Address Valve Industrial Park, Beizhakou Town, Jinnan District, Tianjin, China<\/p>","protected":false},"author":1,"featured_media":6719,"parent":0,"menu_order":0,"comment_status":"closed","ping_status":"closed","template":"","meta":{"footnotes":""},"class_list":["post-37","page","type-page","status-publish","has-post-thumbnail","hentry"],"yoast_head":"<!-- This site is optimized with the Yoast SEO plugin v24.4 - https:\/\/yoast.com\/wordpress\/plugins\/seo\/ -->\n<title>Contact Us for Fire Fighting &amp; Water Supply Valve Inquiries -APEX Valves<\/title>\n<meta name=\"description\" content=\"The FLUID TECH Group now comprises three valve product brands: FLUID TECH Brand, APEX Brand, and B Brand. Welcome to contact us!\" \/>\n<meta name=\"robots\" content=\"index, follow, max-snippet:-1, max-image-preview:large, max-video-preview:-1\" \/>\n<link rel=\"canonical\" href=\"https:\/\/www.bohaivalve.com\/es\/contact-us\/\" \/>\n<meta property=\"og:locale\" content=\"es_ES\" \/>\n<meta property=\"og:type\" content=\"article\" \/>\n<meta property=\"og:title\" content=\"Contact Us for Fire Fighting &amp; Water Supply Valve Inquiries -APEX Valves\" \/>\n<meta property=\"og:description\" content=\"The FLUID TECH Group now comprises three valve product brands: FLUID TECH Brand, APEX Brand, and B Brand. Welcome to contact us!\" \/>\n<meta property=\"og:url\" content=\"https:\/\/www.bohaivalve.com\/es\/contact-us\/\" \/>\n<meta property=\"og:site_name\" content=\"APEX Valves\" \/>\n<meta property=\"article:publisher\" content=\"https:\/\/www.facebook.com\/APEX.FIRE.TECH.TIANJIN.CO.LTD\" \/>\n<meta property=\"article:modified_time\" content=\"2025-12-27T03:04:51+00:00\" \/>\n<meta property=\"og:image\" content=\"https:\/\/www.bohaivalve.com\/wp-content\/uploads\/2025\/12\/fire-fighting-hydrant-valve.webp\" \/>\n\t<meta property=\"og:image:width\" content=\"768\" \/>\n\t<meta property=\"og:image:height\" content=\"575\" \/>\n\t<meta property=\"og:image:type\" content=\"image\/webp\" \/>\n<meta name=\"twitter:card\" content=\"summary_large_image\" \/>\n<meta name=\"twitter:label1\" content=\"Tiempo de lectura\" \/>\n\t<meta name=\"twitter:data1\" content=\"2 minutos\" \/>\n<script type=\"application\/ld+json\" class=\"yoast-schema-graph\">{\"@context\":\"https:\/\/schema.org\",\"@graph\":[{\"@type\":\"WebPage\",\"@id\":\"https:\/\/www.bohaivalve.com\/contact-us\/\",\"url\":\"https:\/\/www.bohaivalve.com\/contact-us\/\",\"name\":\"Contact Us for Fire Fighting & Water Supply Valve Inquiries -APEX Valves\",\"isPartOf\":{\"@id\":\"https:\/\/www.bohaivalve.com\/#website\"},\"primaryImageOfPage\":{\"@id\":\"https:\/\/www.bohaivalve.com\/contact-us\/#primaryimage\"},\"image\":{\"@id\":\"https:\/\/www.bohaivalve.com\/contact-us\/#primaryimage\"},\"thumbnailUrl\":\"https:\/\/www.bohaivalve.com\/wp-content\/uploads\/2025\/12\/types-of-valves-used-in-fire-fighting-system.webp\",\"datePublished\":\"2025-02-07T01:55:43+00:00\",\"dateModified\":\"2025-12-27T03:04:51+00:00\",\"description\":\"The FLUID TECH Group now comprises three valve product brands: FLUID TECH Brand, APEX Brand, and B Brand. Welcome to contact us!\",\"breadcrumb\":{\"@id\":\"https:\/\/www.bohaivalve.com\/contact-us\/#breadcrumb\"},\"inLanguage\":\"es\",\"potentialAction\":[{\"@type\":\"ReadAction\",\"target\":[\"https:\/\/www.bohaivalve.com\/contact-us\/\"]}]},{\"@type\":\"ImageObject\",\"inLanguage\":\"es\",\"@id\":\"https:\/\/www.bohaivalve.com\/contact-us\/#primaryimage\",\"url\":\"https:\/\/www.bohaivalve.com\/wp-content\/uploads\/2025\/12\/types-of-valves-used-in-fire-fighting-system.webp\",\"contentUrl\":\"https:\/\/www.bohaivalve.com\/wp-content\/uploads\/2025\/12\/types-of-valves-used-in-fire-fighting-system.webp\",\"width\":768,\"height\":576},{\"@type\":\"BreadcrumbList\",\"@id\":\"https:\/\/www.bohaivalve.com\/contact-us\/#breadcrumb\",\"itemListElement\":[{\"@type\":\"ListItem\",\"position\":1,\"name\":\"Home\",\"item\":\"https:\/\/www.bohaivalve.com\/\"},{\"@type\":\"ListItem\",\"position\":2,\"name\":\"Contact Us\"}]},{\"@type\":\"WebSite\",\"@id\":\"https:\/\/www.bohaivalve.com\/#website\",\"url\":\"https:\/\/www.bohaivalve.com\/\",\"name\":\"APEX Valves\",\"description\":\"APEX FIRE TECH (TIANJIN) CO.,LTD\",\"publisher\":{\"@id\":\"https:\/\/www.bohaivalve.com\/#organization\"},\"potentialAction\":[{\"@type\":\"SearchAction\",\"target\":{\"@type\":\"EntryPoint\",\"urlTemplate\":\"https:\/\/www.bohaivalve.com\/?s={search_term_string}\"},\"query-input\":{\"@type\":\"PropertyValueSpecification\",\"valueRequired\":true,\"valueName\":\"search_term_string\"}}],\"inLanguage\":\"es\"},{\"@type\":\"Organization\",\"@id\":\"https:\/\/www.bohaivalve.com\/#organization\",\"name\":\"Apex Fire Tech Co.,Ltd.\",\"url\":\"https:\/\/www.bohaivalve.com\/\",\"logo\":{\"@type\":\"ImageObject\",\"inLanguage\":\"es\",\"@id\":\"https:\/\/www.bohaivalve.com\/#\/schema\/logo\/image\/\",\"url\":\"https:\/\/www.bohaivalve.com\/wp-content\/uploads\/2025\/12\/apex-valve-fire.webp\",\"contentUrl\":\"https:\/\/www.bohaivalve.com\/wp-content\/uploads\/2025\/12\/apex-valve-fire.webp\",\"width\":378,\"height\":196,\"caption\":\"Apex Fire Tech Co.,Ltd.\"},\"image\":{\"@id\":\"https:\/\/www.bohaivalve.com\/#\/schema\/logo\/image\/\"},\"sameAs\":[\"https:\/\/www.facebook.com\/APEX.FIRE.TECH.TIANJIN.CO.LTD\",\"https:\/\/www.instagram.com\/fluidtech.ftps\/\",\"https:\/\/www.linkedin.com\/company\/fluid-tech-piping-systems-tianjin-co-ltd\/?viewAsMember=true\",\"https:\/\/www.youtube.com\/@fluidtechpiping\"]}]}<\/script>\n<!-- \/ Yoast SEO plugin. -->","yoast_head_json":{"title":"Contact Us for Fire Fighting & Water Supply Valve Inquiries -APEX Valves","description":"The FLUID TECH Group now comprises three valve product brands: FLUID TECH Brand, APEX Brand, and B Brand. Welcome to contact us!","robots":{"index":"index","follow":"follow","max-snippet":"max-snippet:-1","max-image-preview":"max-image-preview:large","max-video-preview":"max-video-preview:-1"},"canonical":"https:\/\/www.bohaivalve.com\/es\/contact-us\/","og_locale":"es_ES","og_type":"article","og_title":"Contact Us for Fire Fighting & Water Supply Valve Inquiries -APEX Valves","og_description":"The FLUID TECH Group now comprises three valve product brands: FLUID TECH Brand, APEX Brand, and B Brand. Welcome to contact us!","og_url":"https:\/\/www.bohaivalve.com\/es\/contact-us\/","og_site_name":"APEX Valves","article_publisher":"https:\/\/www.facebook.com\/APEX.FIRE.TECH.TIANJIN.CO.LTD","article_modified_time":"2025-12-27T03:04:51+00:00","og_image":[{"width":768,"height":575,"url":"https:\/\/www.bohaivalve.com\/wp-content\/uploads\/2025\/12\/fire-fighting-hydrant-valve.webp","type":"image\/webp"}],"twitter_card":"summary_large_image","twitter_misc":{"Tiempo de lectura":"2 minutos"},"schema":{"@context":"https:\/\/schema.org","@graph":[{"@type":"WebPage","@id":"https:\/\/www.bohaivalve.com\/contact-us\/","url":"https:\/\/www.bohaivalve.com\/contact-us\/","name":"Contact Us for Fire Fighting & Water Supply Valve Inquiries -APEX Valves","isPartOf":{"@id":"https:\/\/www.bohaivalve.com\/#website"},"primaryImageOfPage":{"@id":"https:\/\/www.bohaivalve.com\/contact-us\/#primaryimage"},"image":{"@id":"https:\/\/www.bohaivalve.com\/contact-us\/#primaryimage"},"thumbnailUrl":"https:\/\/www.bohaivalve.com\/wp-content\/uploads\/2025\/12\/types-of-valves-used-in-fire-fighting-system.webp","datePublished":"2025-02-07T01:55:43+00:00","dateModified":"2025-12-27T03:04:51+00:00","description":"The FLUID TECH Group now comprises three valve product brands: FLUID TECH Brand, APEX Brand, and B Brand. Welcome to contact us!","breadcrumb":{"@id":"https:\/\/www.bohaivalve.com\/contact-us\/#breadcrumb"},"inLanguage":"es","potentialAction":[{"@type":"ReadAction","target":["https:\/\/www.bohaivalve.com\/contact-us\/"]}]},{"@type":"ImageObject","inLanguage":"es","@id":"https:\/\/www.bohaivalve.com\/contact-us\/#primaryimage","url":"https:\/\/www.bohaivalve.com\/wp-content\/uploads\/2025\/12\/types-of-valves-used-in-fire-fighting-system.webp","contentUrl":"https:\/\/www.bohaivalve.com\/wp-content\/uploads\/2025\/12\/types-of-valves-used-in-fire-fighting-system.webp","width":768,"height":576},{"@type":"BreadcrumbList","@id":"https:\/\/www.bohaivalve.com\/contact-us\/#breadcrumb","itemListElement":[{"@type":"ListItem","position":1,"name":"Home","item":"https:\/\/www.bohaivalve.com\/"},{"@type":"ListItem","position":2,"name":"Contact Us"}]},{"@type":"WebSite","@id":"https:\/\/www.bohaivalve.com\/#website","url":"https:\/\/www.bohaivalve.com\/","name":"APEX Valves","description":"APEX FIRE TECH (TIANJIN) CO.,LTD","publisher":{"@id":"https:\/\/www.bohaivalve.com\/#organization"},"potentialAction":[{"@type":"SearchAction","target":{"@type":"EntryPoint","urlTemplate":"https:\/\/www.bohaivalve.com\/?s={search_term_string}"},"query-input":{"@type":"PropertyValueSpecification","valueRequired":true,"valueName":"search_term_string"}}],"inLanguage":"es"},{"@type":"Organization","@id":"https:\/\/www.bohaivalve.com\/#organization","name":"Apex Fire Tech Co.,Ltd.","url":"https:\/\/www.bohaivalve.com\/","logo":{"@type":"ImageObject","inLanguage":"es","@id":"https:\/\/www.bohaivalve.com\/#\/schema\/logo\/image\/","url":"https:\/\/www.bohaivalve.com\/wp-content\/uploads\/2025\/12\/apex-valve-fire.webp","contentUrl":"https:\/\/www.bohaivalve.com\/wp-content\/uploads\/2025\/12\/apex-valve-fire.webp","width":378,"height":196,"caption":"Apex Fire Tech Co.,Ltd."},"image":{"@id":"https:\/\/www.bohaivalve.com\/#\/schema\/logo\/image\/"},"sameAs":["https:\/\/www.facebook.com\/APEX.FIRE.TECH.TIANJIN.CO.LTD","https:\/\/www.instagram.com\/fluidtech.ftps\/","https:\/\/www.linkedin.com\/company\/fluid-tech-piping-systems-tianjin-co-ltd\/?viewAsMember=true","https:\/\/www.youtube.com\/@fluidtechpiping"]}]}},"_links":{"self":[{"href":"https:\/\/www.bohaivalve.com\/es\/wp-json\/wp\/v2\/pages\/37","targetHints":{"allow":["GET"]}}],"collection":[{"href":"https:\/\/www.bohaivalve.com\/es\/wp-json\/wp\/v2\/pages"}],"about":[{"href":"https:\/\/www.bohaivalve.com\/es\/wp-json\/wp\/v2\/types\/page"}],"author":[{"embeddable":true,"href":"https:\/\/www.bohaivalve.com\/es\/wp-json\/wp\/v2\/users\/1"}],"replies":[{"embeddable":true,"href":"https:\/\/www.bohaivalve.com\/es\/wp-json\/wp\/v2\/comments?post=37"}],"version-history":[{"count":125,"href":"https:\/\/www.bohaivalve.com\/es\/wp-json\/wp\/v2\/pages\/37\/revisions"}],"predecessor-version":[{"id":6761,"href":"https:\/\/www.bohaivalve.com\/es\/wp-json\/wp\/v2\/pages\/37\/revisions\/6761"}],"wp:featuredmedia":[{"embeddable":true,"href":"https:\/\/www.bohaivalve.com\/es\/wp-json\/wp\/v2\/media\/6719"}],"wp:attachment":[{"href":"https:\/\/www.bohaivalve.com\/es\/wp-json\/wp\/v2\/media?parent=37"}],"curies":[{"name":"wp","href":"https:\/\/api.w.org\/{rel}","templated":true}]}}